{"id":4192,"date":"2025-11-14T09:07:46","date_gmt":"2025-11-14T08:07:46","guid":{"rendered":"https:\/\/www.brentarosso.it\/?page_id=4192"},"modified":"2025-11-14T09:42:41","modified_gmt":"2025-11-14T08:42:41","slug":"thank-you","status":"publish","type":"page","link":"https:\/\/www.brentarosso.it\/de\/thank-you\/","title":{"rendered":"Thank You"},"content":{"rendered":"\t\t<div data-elementor-type=\"wp-page\" data-elementor-id=\"4192\" class=\"elementor elementor-4192 elementor-4191\">\n\t\t\t\t\t\t<section class=\"elementor-section elementor-top-section elementor-element elementor-element-f746f9d elementor-section-full_width elementor-section-height-min-height elementor-section-content-middle elementor-section-stretched elementor-section-height-default elementor-section-items-middle\" data-id=\"f746f9d\" data-element_type=\"section\" data-e-type=\"section\" data-settings=\"{&quot;stretch_section&quot;:&quot;section-stretched&quot;,&quot;background_background&quot;:&quot;classic&quot;}\">\n\t\t\t\t\t\t\t<div class=\"elementor-background-overlay\"><\/div>\n\t\t\t\t\t\t\t<div class=\"elementor-container elementor-column-gap-default\">\n\t\t\t\t\t<div class=\"elementor-column elementor-col-100 elementor-top-column elementor-element elementor-element-2cdd2ff\" data-id=\"2cdd2ff\" data-element_type=\"column\" data-e-type=\"column\">\n\t\t\t<div class=\"elementor-widget-wrap elementor-element-populated\">\n\t\t\t\t\t\t<div class=\"elementor-element elementor-element-4a0bf32 animated-slow elementor-invisible elementor-widget elementor-widget-slashdown_heading\" data-id=\"4a0bf32\" data-element_type=\"widget\" data-e-type=\"widget\" data-settings=\"{&quot;_animation&quot;:&quot;fadeIn&quot;,&quot;_animation_delay&quot;:700}\" data-widget_type=\"slashdown_heading.default\">\n\t\t\t\t<div class=\"elementor-widget-container\">\n\t\t\t\t\t\t\t<div class=\"slashdown-heading text-center\">\n\t\t\t<span class=\"slashdown-heading__subtitle\">Brenta Rosso Charme Apartments<\/span><h1 class=\"slashdown-heading__title\"><\/h1>\t\t<\/div>\n\t\t\t\t\t\t<\/div>\n\t\t\t\t<\/div>\n\t\t\t\t<div class=\"elementor-element elementor-element-3b4612b elementor-invisible elementor-widget elementor-widget-heading\" data-id=\"3b4612b\" data-element_type=\"widget\" data-e-type=\"widget\" data-settings=\"{&quot;_animation&quot;:&quot;fadeInUp&quot;,&quot;_animation_delay&quot;:300}\" data-widget_type=\"heading.default\">\n\t\t\t\t<div class=\"elementor-widget-container\">\n\t\t\t\t\t<h1 class=\"elementor-heading-title elementor-size-default\">Vielen Dank f\u00fcr Ihre Kontaktaufnahme.<\/h1>\t\t\t\t<\/div>\n\t\t\t\t<\/div>\n\t\t\t\t\t<\/div>\n\t\t<\/div>\n\t\t\t\t\t<\/div>\n\t\t<\/section>\n\t\t\t\t<section class=\"elementor-section elementor-top-section elementor-element elementor-element-6d662776 elementor-section-content-middle elementor-section-boxed elementor-section-height-default elementor-section-height-default\" data-id=\"6d662776\" data-element_type=\"section\" data-e-type=\"section\">\n\t\t\t\t\t\t<div class=\"elementor-container elementor-column-gap-default\">\n\t\t\t\t\t<div class=\"elementor-column elementor-col-100 elementor-top-column elementor-element elementor-element-44720c99\" data-id=\"44720c99\" data-element_type=\"column\" data-e-type=\"column\">\n\t\t\t<div class=\"elementor-widget-wrap elementor-element-populated\">\n\t\t\t\t\t\t<div class=\"elementor-element elementor-element-3814ac39 elementor-widget__width-inherit elementor-widget-mobile__width-initial elementor-widget elementor-widget-slashdown_heading\" data-id=\"3814ac39\" data-element_type=\"widget\" data-e-type=\"widget\" data-widget_type=\"slashdown_heading.default\">\n\t\t\t\t<div class=\"elementor-widget-container\">\n\t\t\t\t\t\t\t<div class=\"slashdown-heading text-center\">\n\t\t\t<span class=\"slashdown-heading__subtitle\">Brenta Rosso Charme Apartments<\/span><h2 class=\"slashdown-heading__title\">Wir haben Ihre Nachricht erhalten und werden Ihnen so schnell wie m\u00f6glich antworten.<\/h2>\t\t<\/div>\n\t\t\t\t\t\t<\/div>\n\t\t\t\t<\/div>\n\t\t\t\t\t<\/div>\n\t\t<\/div>\n\t\t\t\t\t<\/div>\n\t\t<\/section>\n\t\t\t\t<section class=\"elementor-section elementor-top-section elementor-element elementor-element-6184b0f elementor-section-content-middle elementor-section-boxed elementor-section-height-default elementor-section-height-default\" data-id=\"6184b0f\" data-element_type=\"section\" data-e-type=\"section\">\n\t\t\t\t\t\t<div class=\"elementor-container elementor-column-gap-default\">\n\t\t\t\t\t<div class=\"elementor-column elementor-col-50 elementor-top-column elementor-element elementor-element-67743a6\" data-id=\"67743a6\" data-element_type=\"column\" data-e-type=\"column\">\n\t\t\t<div class=\"elementor-widget-wrap elementor-element-populated\">\n\t\t\t\t\t\t<div class=\"elementor-element elementor-element-0f20c51 elementor-widget elementor-widget-google_maps\" data-id=\"0f20c51\" data-element_type=\"widget\" data-e-type=\"widget\" data-widget_type=\"google_maps.default\">\n\t\t\t\t<div class=\"elementor-widget-container\">\n\t\t\t\t\t\t\t<div class=\"elementor-custom-embed\">\n\t\t\t<iframe loading=\"lazy\"\n\t\t\t\t\tsrc=\"https:\/\/maps.google.com\/maps?q=Brenta%20Rosso&#038;t=m&#038;z=17&#038;output=embed&#038;iwloc=near\"\n\t\t\t\t\ttitle=\"Brenta Rosso\"\n\t\t\t\t\taria-label=\"Brenta Rosso\"\n\t\t\t><\/iframe>\n\t\t<\/div>\n\t\t\t\t\t\t<\/div>\n\t\t\t\t<\/div>\n\t\t\t\t\t<\/div>\n\t\t<\/div>\n\t\t\t\t<div class=\"elementor-column elementor-col-50 elementor-top-column elementor-element elementor-element-31a94b8\" data-id=\"31a94b8\" data-element_type=\"column\" data-e-type=\"column\">\n\t\t\t<div class=\"elementor-widget-wrap elementor-element-populated\">\n\t\t\t\t\t\t<div class=\"elementor-element elementor-element-b1e0877 elementor-widget elementor-widget-slashdown_heading\" data-id=\"b1e0877\" data-element_type=\"widget\" data-e-type=\"widget\" data-widget_type=\"slashdown_heading.default\">\n\t\t\t\t<div class=\"elementor-widget-container\">\n\t\t\t\t\t\t\t<div class=\"slashdown-heading left\">\n\t\t\t<span class=\"slashdown-heading__subtitle\">Nice to meet you<\/span><h2 class=\"slashdown-heading__title\">Wo Sie uns finden<\/h2>\t\t<\/div>\n\t\t\t\t\t\t<\/div>\n\t\t\t\t<\/div>\n\t\t\t\t<section class=\"elementor-section elementor-inner-section elementor-element elementor-element-2fa9225 elementor-section-boxed elementor-section-height-default elementor-section-height-default\" data-id=\"2fa9225\" data-element_type=\"section\" data-e-type=\"section\">\n\t\t\t\t\t\t<div class=\"elementor-container elementor-column-gap-default\">\n\t\t\t\t\t<div class=\"elementor-column elementor-col-50 elementor-inner-column elementor-element elementor-element-eaacb2d\" data-id=\"eaacb2d\" data-element_type=\"column\" data-e-type=\"column\">\n\t\t\t<div class=\"elementor-widget-wrap elementor-element-populated\">\n\t\t\t\t\t\t<div class=\"elementor-element elementor-element-e133101 elementor-widget elementor-widget-text-editor\" data-id=\"e133101\" data-element_type=\"widget\" data-e-type=\"widget\" data-widget_type=\"text-editor.default\">\n\t\t\t\t<div class=\"elementor-widget-container\">\n\t\t\t\t\t\t\t\t\t<p>ADRESSE<\/p>\t\t\t\t\t\t\t\t<\/div>\n\t\t\t\t<\/div>\n\t\t\t\t<div class=\"elementor-element elementor-element-8f6e773 elementor-widget elementor-widget-text-editor\" data-id=\"8f6e773\" data-element_type=\"widget\" data-e-type=\"widget\" data-widget_type=\"text-editor.default\">\n\t\t\t\t<div class=\"elementor-widget-container\">\n\t\t\t\t\t\t\t\t\t<p>Via dei \u00d3ri<\/p><p>38010 Fai della Paganella TN<\/p>\t\t\t\t\t\t\t\t<\/div>\n\t\t\t\t<\/div>\n\t\t\t\t\t<\/div>\n\t\t<\/div>\n\t\t\t\t<div class=\"elementor-column elementor-col-50 elementor-inner-column elementor-element elementor-element-ca56f1b\" data-id=\"ca56f1b\" data-element_type=\"column\" data-e-type=\"column\">\n\t\t\t<div class=\"elementor-widget-wrap elementor-element-populated\">\n\t\t\t\t\t\t<div class=\"elementor-element elementor-element-555d8c2 elementor-widget elementor-widget-text-editor\" data-id=\"555d8c2\" data-element_type=\"widget\" data-e-type=\"widget\" data-widget_type=\"text-editor.default\">\n\t\t\t\t<div class=\"elementor-widget-container\">\n\t\t\t\t\t\t\t\t\t<p>KONTAKTDATEN<\/p>\t\t\t\t\t\t\t\t<\/div>\n\t\t\t\t<\/div>\n\t\t\t\t<div class=\"elementor-element elementor-element-30c7735 elementor-widget elementor-widget-text-editor\" data-id=\"30c7735\" data-element_type=\"widget\" data-e-type=\"widget\" data-widget_type=\"text-editor.default\">\n\t\t\t\t<div class=\"elementor-widget-container\">\n\t\t\t\t\t\t\t\t\t<p>T: 340 496 2427<\/p><p>E: info@brentarosso.it<\/p><p>Risponderemo al pi\u00f9 presto<\/p>\t\t\t\t\t\t\t\t<\/div>\n\t\t\t\t<\/div>\n\t\t\t\t\t<\/div>\n\t\t<\/div>\n\t\t\t\t\t<\/div>\n\t\t<\/section>\n\t\t\t\t\t<\/div>\n\t\t<\/div>\n\t\t\t\t\t<\/div>\n\t\t<\/section>\n\t\t<div class=\"elementor-element elementor-element-0d9c7cd e-con-full e-flex elementor-invisible e-con e-parent\" data-id=\"0d9c7cd\" data-element_type=\"container\" data-e-type=\"container\" data-settings=\"{&quot;shape_divider_top&quot;:&quot;split&quot;,&quot;animation&quot;:&quot;fadeInUp&quot;}\">\n\t\t\t\t<div class=\"elementor-shape elementor-shape-top\" aria-hidden=\"true\" data-negative=\"false\">\n\t\t\t<svg xmlns=\"http:\/\/www.w3.org\/2000\/svg\" viewBox=\"0 0 1000 20\" preserveAspectRatio=\"none\">\n\t<path class=\"elementor-shape-fill\" d=\"M0,0v3c0,0,393.8,0,483.4,0c9.2,0,16.6,7.4,16.6,16.6c0-9.1,7.4-16.6,16.6-16.6C606.2,3,1000,3,1000,3V0H0z\"\/>\n<\/svg>\t\t<\/div>\n\t\t<div class=\"elementor-element elementor-element-9895b5e e-grid e-con-full e-con e-child\" data-id=\"9895b5e\" data-element_type=\"container\" data-e-type=\"container\">\n\t\t\t\t<div class=\"elementor-element elementor-element-d8cd3c9 elementor-widget elementor-widget-image\" data-id=\"d8cd3c9\" data-element_type=\"widget\" data-e-type=\"widget\" data-widget_type=\"image.default\">\n\t\t\t\t<div class=\"elementor-widget-container\">\n\t\t\t\t\t\t\t\t\t\t\t\t\t\t\t\t<a href=\"https:\/\/www.visitfaidellapaganella.it\/\" target=\"_blank\">\n\t\t\t\t\t\t\t<img fetchpriority=\"high\" decoding=\"async\" width=\"720\" height=\"720\" src=\"https:\/\/www.brentarosso.it\/wp-cntnt\/uplds\/2025\/08\/Fai-della-Paganella-no-bg.png\" class=\"attachment-medium_large size-medium_large wp-image-4128\" alt=\"\" srcset=\"https:\/\/www.brentarosso.it\/wp-cntnt\/uplds\/2025\/08\/Fai-della-Paganella-no-bg.png 720w, https:\/\/www.brentarosso.it\/wp-cntnt\/uplds\/2025\/08\/Fai-della-Paganella-no-bg-352x352.png 352w, https:\/\/www.brentarosso.it\/wp-cntnt\/uplds\/2025\/08\/Fai-della-Paganella-no-bg-160x160.png 160w, https:\/\/www.brentarosso.it\/wp-cntnt\/uplds\/2025\/08\/Fai-della-Paganella-no-bg-600x600.png 600w\" sizes=\"(max-width: 720px) 100vw, 720px\" \/>\t\t\t\t\t\t\t\t<\/a>\n\t\t\t\t\t\t\t\t\t\t\t\t\t\t\t<\/div>\n\t\t\t\t<\/div>\n\t\t\t\t<div class=\"elementor-element elementor-element-f322096 elementor-widget elementor-widget-image\" data-id=\"f322096\" data-element_type=\"widget\" data-e-type=\"widget\" data-widget_type=\"image.default\">\n\t\t\t\t<div class=\"elementor-widget-container\">\n\t\t\t\t\t\t\t\t\t\t\t\t\t\t\t\t<a href=\"https:\/\/www.visitpaganella.it\/it\" target=\"_blank\">\n\t\t\t\t\t\t\t<img decoding=\"async\" width=\"730\" height=\"719\" src=\"https:\/\/www.brentarosso.it\/wp-cntnt\/uplds\/2025\/08\/Paganella_stamp_RGB_green.png\" class=\"attachment-medium_large size-medium_large wp-image-4046\" alt=\"\" srcset=\"https:\/\/www.brentarosso.it\/wp-cntnt\/uplds\/2025\/08\/Paganella_stamp_RGB_green.png 730w, https:\/\/www.brentarosso.it\/wp-cntnt\/uplds\/2025\/08\/Paganella_stamp_RGB_green-357x352.png 357w, https:\/\/www.brentarosso.it\/wp-cntnt\/uplds\/2025\/08\/Paganella_stamp_RGB_green-609x600.png 609w, https:\/\/www.brentarosso.it\/wp-cntnt\/uplds\/2025\/08\/Paganella_stamp_RGB_green-160x158.png 160w\" sizes=\"(max-width: 730px) 100vw, 730px\" \/>\t\t\t\t\t\t\t\t<\/a>\n\t\t\t\t\t\t\t\t\t\t\t\t\t\t\t<\/div>\n\t\t\t\t<\/div>\n\t\t\t\t<div class=\"elementor-element elementor-element-e588739 elementor-widget elementor-widget-image\" data-id=\"e588739\" data-element_type=\"widget\" data-e-type=\"widget\" data-widget_type=\"image.default\">\n\t\t\t\t<div class=\"elementor-widget-container\">\n\t\t\t\t\t\t\t\t\t\t\t\t\t\t\t\t<a href=\"https:\/\/www.parcodelrespiro.it\/\" target=\"_blank\">\n\t\t\t\t\t\t\t<img decoding=\"async\" width=\"245\" height=\"206\" src=\"https:\/\/www.brentarosso.it\/wp-cntnt\/uplds\/2025\/08\/pdr1.jpg\" class=\"attachment-medium_large size-medium_large wp-image-4049\" alt=\"\" srcset=\"https:\/\/www.brentarosso.it\/wp-cntnt\/uplds\/2025\/08\/pdr1.jpg 245w, https:\/\/www.brentarosso.it\/wp-cntnt\/uplds\/2025\/08\/pdr1-160x135.jpg 160w\" sizes=\"(max-width: 245px) 100vw, 245px\" \/>\t\t\t\t\t\t\t\t<\/a>\n\t\t\t\t\t\t\t\t\t\t\t\t\t\t\t<\/div>\n\t\t\t\t<\/div>\n\t\t\t\t<div class=\"elementor-element elementor-element-ffd569d elementor-widget elementor-widget-image\" data-id=\"ffd569d\" data-element_type=\"widget\" data-e-type=\"widget\" data-widget_type=\"image.default\">\n\t\t\t\t<div class=\"elementor-widget-container\">\n\t\t\t\t\t\t\t\t\t\t\t\t\t\t\t\t<a href=\"https:\/\/www.festivalorme.it\/\" target=\"_blank\">\n\t\t\t\t\t\t\t<img loading=\"lazy\" decoding=\"async\" width=\"159\" height=\"196\" src=\"https:\/\/www.brentarosso.it\/wp-cntnt\/uplds\/2025\/08\/logo-orme-festival-verticale.png\" class=\"attachment-medium_large size-medium_large wp-image-4008\" alt=\"\" srcset=\"https:\/\/www.brentarosso.it\/wp-cntnt\/uplds\/2025\/08\/logo-orme-festival-verticale.png 159w, https:\/\/www.brentarosso.it\/wp-cntnt\/uplds\/2025\/08\/logo-orme-festival-verticale-130x160.png 130w\" sizes=\"(max-width: 159px) 100vw, 159px\" \/>\t\t\t\t\t\t\t\t<\/a>\n\t\t\t\t\t\t\t\t\t\t\t\t\t\t\t<\/div>\n\t\t\t\t<\/div>\n\t\t\t\t<div class=\"elementor-element elementor-element-3623265 elementor-widget elementor-widget-image\" data-id=\"3623265\" data-element_type=\"widget\" data-e-type=\"widget\" data-widget_type=\"image.default\">\n\t\t\t\t<div class=\"elementor-widget-container\">\n\t\t\t\t\t\t\t\t\t\t\t\t\t\t\t\t<a href=\"https:\/\/www.visitfaidellapaganella.it\/vacanze-faidellapaganella\/dolomiti-paganella-card\/\" target=\"_blank\">\n\t\t\t\t\t\t\t<img loading=\"lazy\" decoding=\"async\" width=\"1076\" height=\"713\" src=\"https:\/\/www.brentarosso.it\/wp-cntnt\/uplds\/2025\/08\/Paganella-Fronte-1.png\" class=\"attachment-2048x2048 size-2048x2048 wp-image-4011\" alt=\"\" srcset=\"https:\/\/www.brentarosso.it\/wp-cntnt\/uplds\/2025\/08\/Paganella-Fronte-1.png 1076w, https:\/\/www.brentarosso.it\/wp-cntnt\/uplds\/2025\/08\/Paganella-Fronte-1-531x352.png 531w, https:\/\/www.brentarosso.it\/wp-cntnt\/uplds\/2025\/08\/Paganella-Fronte-1-768x509.png 768w, https:\/\/www.brentarosso.it\/wp-cntnt\/uplds\/2025\/08\/Paganella-Fronte-1-800x530.png 800w, https:\/\/www.brentarosso.it\/wp-cntnt\/uplds\/2025\/08\/Paganella-Fronte-1-160x106.png 160w\" sizes=\"(max-width: 1076px) 100vw, 1076px\" \/>\t\t\t\t\t\t\t\t<\/a>\n\t\t\t\t\t\t\t\t\t\t\t\t\t\t\t<\/div>\n\t\t\t\t<\/div>\n\t\t\t\t<div class=\"elementor-element elementor-element-204479d elementor-widget elementor-widget-image\" data-id=\"204479d\" data-element_type=\"widget\" data-e-type=\"widget\" data-widget_type=\"image.default\">\n\t\t\t\t<div class=\"elementor-widget-container\">\n\t\t\t\t\t\t\t\t\t\t\t\t\t\t\t\t<a href=\"https:\/\/www.paganella.net\/it\" target=\"_blank\">\n\t\t\t\t\t\t\t<img loading=\"lazy\" decoding=\"async\" width=\"1140\" height=\"563\" src=\"https:\/\/www.brentarosso.it\/wp-cntnt\/uplds\/2025\/08\/Logo-Paganella-My-fun-Ski-Area_sfondo-trasparente-1320x652.png\" class=\"attachment-large size-large wp-image-4055\" alt=\"\" srcset=\"https:\/\/www.brentarosso.it\/wp-cntnt\/uplds\/2025\/08\/Logo-Paganella-My-fun-Ski-Area_sfondo-trasparente-1320x652.png 1320w, https:\/\/www.brentarosso.it\/wp-cntnt\/uplds\/2025\/08\/Logo-Paganella-My-fun-Ski-Area_sfondo-trasparente-625x309.png 625w, https:\/\/www.brentarosso.it\/wp-cntnt\/uplds\/2025\/08\/Logo-Paganella-My-fun-Ski-Area_sfondo-trasparente-768x379.png 768w, https:\/\/www.brentarosso.it\/wp-cntnt\/uplds\/2025\/08\/Logo-Paganella-My-fun-Ski-Area_sfondo-trasparente-1536x759.png 1536w, https:\/\/www.brentarosso.it\/wp-cntnt\/uplds\/2025\/08\/Logo-Paganella-My-fun-Ski-Area_sfondo-trasparente-2048x1012.png 2048w, https:\/\/www.brentarosso.it\/wp-cntnt\/uplds\/2025\/08\/Logo-Paganella-My-fun-Ski-Area_sfondo-trasparente-1920x949.png 1920w, https:\/\/www.brentarosso.it\/wp-cntnt\/uplds\/2025\/08\/Logo-Paganella-My-fun-Ski-Area_sfondo-trasparente-1900x939.png 1900w, https:\/\/www.brentarosso.it\/wp-cntnt\/uplds\/2025\/08\/Logo-Paganella-My-fun-Ski-Area_sfondo-trasparente-800x395.png 800w, https:\/\/www.brentarosso.it\/wp-cntnt\/uplds\/2025\/08\/Logo-Paganella-My-fun-Ski-Area_sfondo-trasparente-160x79.png 160w\" sizes=\"(max-width: 1140px) 100vw, 1140px\" \/>\t\t\t\t\t\t\t\t<\/a>\n\t\t\t\t\t\t\t\t\t\t\t\t\t\t\t<\/div>\n\t\t\t\t<\/div>\n\t\t\t\t<\/div>\n\t\t\t\t<\/div>\n\t\t\t\t<\/div>\n\t\t","protected":false},"excerpt":{"rendered":"<p>Brenta Rosso Charme Apartments Vielen Dank f\u00fcr Ihre Kontaktaufnahme. Brenta Rosso Charme Apartments Wir haben Ihre Nachricht erhalten und werden Ihnen so schnell wie m\u00f6glich antworten. Nice to meet you Wo Sie uns finden ADRESSE Via dei \u00d3ri 38010 Fai della Paganella TN KONTAKTDATEN T: 340 496 2427 E: info@brentarosso.it Risponderemo al pi\u00f9 presto<\/p>\n","protected":false},"author":1,"featured_media":3428,"parent":0,"menu_order":0,"comment_status":"closed","ping_status":"closed","template":"","meta":{"_eb_attr":"","_monsterinsights_skip_tracking":false,"_monsterinsights_sitenote_active":false,"_monsterinsights_sitenote_note":"","_monsterinsights_sitenote_category":0,"footnotes":""},"class_list":["post-4192","page","type-page","status-publish","has-post-thumbnail","hentry"],"yoast_head":"<!-- This site is optimized with the Yoast SEO plugin v26.9 - https:\/\/yoast.com\/product\/yoast-seo-wordpress\/ -->\n<title>Thank You - Brenta Rosso Charme Apartments<\/title>\n<meta name=\"robots\" content=\"index, follow, max-snippet:-1, max-image-preview:large, max-video-preview:-1\" \/>\n<link rel=\"canonical\" href=\"https:\/\/www.brentarosso.it\/de\/thank-you\/\" \/>\n<meta property=\"og:locale\" content=\"de_DE\" \/>\n<meta property=\"og:type\" content=\"article\" \/>\n<meta property=\"og:title\" content=\"Thank You - Brenta Rosso Charme Apartments\" \/>\n<meta property=\"og:description\" content=\"Brenta Rosso Charme Apartments Vielen Dank f\u00fcr Ihre Kontaktaufnahme. Brenta Rosso Charme Apartments Wir haben Ihre Nachricht erhalten und werden Ihnen so schnell wie m\u00f6glich antworten. Nice to meet you Wo Sie uns finden ADRESSE Via dei \u00d3ri 38010 Fai della Paganella TN KONTAKTDATEN T: 340 496 2427 E: info@brentarosso.it Risponderemo al pi\u00f9 presto\" \/>\n<meta property=\"og:url\" content=\"https:\/\/www.brentarosso.it\/de\/thank-you\/\" \/>\n<meta property=\"og:site_name\" content=\"Brenta Rosso Charme Apartments\" \/>\n<meta property=\"article:publisher\" content=\"https:\/\/www.facebook.com\/brentarossocharmeapartments\" \/>\n<meta property=\"article:modified_time\" content=\"2025-11-14T08:42:41+00:00\" \/>\n<meta property=\"og:image\" content=\"https:\/\/www.brentarosso.it\/wp-cntnt\/uplds\/2025\/05\/Esterno2-1.jpg\" \/>\n\t<meta property=\"og:image:width\" content=\"1920\" \/>\n\t<meta property=\"og:image:height\" content=\"1280\" \/>\n\t<meta property=\"og:image:type\" content=\"image\/jpeg\" \/>\n<meta name=\"twitter:card\" content=\"summary_large_image\" \/>\n<meta name=\"twitter:label1\" content=\"Gesch\u00e4tzte Lesezeit\" \/>\n\t<meta name=\"twitter:data1\" content=\"2\u00a0Minuten\" \/>\n<script type=\"application\/ld+json\" class=\"yoast-schema-graph\">{\"@context\":\"https:\/\/schema.org\",\"@graph\":[{\"@type\":\"WebPage\",\"@id\":\"https:\/\/www.brentarosso.it\/de\/thank-you\/\",\"url\":\"https:\/\/www.brentarosso.it\/de\/thank-you\/\",\"name\":\"Thank You - Brenta Rosso Charme Apartments\",\"isPartOf\":{\"@id\":\"https:\/\/www.brentarosso.it\/#website\"},\"primaryImageOfPage\":{\"@id\":\"https:\/\/www.brentarosso.it\/de\/thank-you\/#primaryimage\"},\"image\":{\"@id\":\"https:\/\/www.brentarosso.it\/de\/thank-you\/#primaryimage\"},\"thumbnailUrl\":\"https:\/\/www.brentarosso.it\/wp-cntnt\/uplds\/2025\/05\/Esterno2-1.jpg\",\"datePublished\":\"2025-11-14T08:07:46+00:00\",\"dateModified\":\"2025-11-14T08:42:41+00:00\",\"breadcrumb\":{\"@id\":\"https:\/\/www.brentarosso.it\/de\/thank-you\/#breadcrumb\"},\"inLanguage\":\"de\",\"potentialAction\":[{\"@type\":\"ReadAction\",\"target\":[\"https:\/\/www.brentarosso.it\/de\/thank-you\/\"]}]},{\"@type\":\"ImageObject\",\"inLanguage\":\"de\",\"@id\":\"https:\/\/www.brentarosso.it\/de\/thank-you\/#primaryimage\",\"url\":\"https:\/\/www.brentarosso.it\/wp-cntnt\/uplds\/2025\/05\/Esterno2-1.jpg\",\"contentUrl\":\"https:\/\/www.brentarosso.it\/wp-cntnt\/uplds\/2025\/05\/Esterno2-1.jpg\",\"width\":1920,\"height\":1280},{\"@type\":\"BreadcrumbList\",\"@id\":\"https:\/\/www.brentarosso.it\/de\/thank-you\/#breadcrumb\",\"itemListElement\":[{\"@type\":\"ListItem\",\"position\":1,\"name\":\"Home\",\"item\":\"https:\/\/www.brentarosso.it\/de\/\"},{\"@type\":\"ListItem\",\"position\":2,\"name\":\"Thank You\"}]},{\"@type\":\"WebSite\",\"@id\":\"https:\/\/www.brentarosso.it\/#website\",\"url\":\"https:\/\/www.brentarosso.it\/\",\"name\":\"Brenta Rosso Charme Apartments\",\"description\":\"Appartamenti ai piedi delle Dolomiti\",\"publisher\":{\"@id\":\"https:\/\/www.brentarosso.it\/#organization\"},\"potentialAction\":[{\"@type\":\"SearchAction\",\"target\":{\"@type\":\"EntryPoint\",\"urlTemplate\":\"https:\/\/www.brentarosso.it\/?s={search_term_string}\"},\"query-input\":{\"@type\":\"PropertyValueSpecification\",\"valueRequired\":true,\"valueName\":\"search_term_string\"}}],\"inLanguage\":\"de\"},{\"@type\":\"Organization\",\"@id\":\"https:\/\/www.brentarosso.it\/#organization\",\"name\":\"Brenta Rosso Charme Apartments\",\"url\":\"https:\/\/www.brentarosso.it\/\",\"logo\":{\"@type\":\"ImageObject\",\"inLanguage\":\"de\",\"@id\":\"https:\/\/www.brentarosso.it\/#\/schema\/logo\/image\/\",\"url\":\"https:\/\/www.brentarosso.it\/wp-cntnt\/uplds\/2025\/05\/full_trimmed_transparent_base-scaled.png\",\"contentUrl\":\"https:\/\/www.brentarosso.it\/wp-cntnt\/uplds\/2025\/05\/full_trimmed_transparent_base-scaled.png\",\"width\":2560,\"height\":1292,\"caption\":\"Brenta Rosso Charme Apartments\"},\"image\":{\"@id\":\"https:\/\/www.brentarosso.it\/#\/schema\/logo\/image\/\"},\"sameAs\":[\"https:\/\/www.facebook.com\/brentarossocharmeapartments\",\"https:\/\/www.instagram.com\/brentarosso_faidellapaganella\/\"]}]}<\/script>\n<!-- \/ Yoast SEO plugin. -->","yoast_head_json":{"title":"Thank You - Brenta Rosso Charme Apartments","robots":{"index":"index","follow":"follow","max-snippet":"max-snippet:-1","max-image-preview":"max-image-preview:large","max-video-preview":"max-video-preview:-1"},"canonical":"https:\/\/www.brentarosso.it\/de\/thank-you\/","og_locale":"de_DE","og_type":"article","og_title":"Thank You - Brenta Rosso Charme Apartments","og_description":"Brenta Rosso Charme Apartments Vielen Dank f\u00fcr Ihre Kontaktaufnahme. Brenta Rosso Charme Apartments Wir haben Ihre Nachricht erhalten und werden Ihnen so schnell wie m\u00f6glich antworten. Nice to meet you Wo Sie uns finden ADRESSE Via dei \u00d3ri 38010 Fai della Paganella TN KONTAKTDATEN T: 340 496 2427 E: info@brentarosso.it Risponderemo al pi\u00f9 presto","og_url":"https:\/\/www.brentarosso.it\/de\/thank-you\/","og_site_name":"Brenta Rosso Charme Apartments","article_publisher":"https:\/\/www.facebook.com\/brentarossocharmeapartments","article_modified_time":"2025-11-14T08:42:41+00:00","og_image":[{"width":1920,"height":1280,"url":"https:\/\/www.brentarosso.it\/wp-cntnt\/uplds\/2025\/05\/Esterno2-1.jpg","type":"image\/jpeg"}],"twitter_card":"summary_large_image","twitter_misc":{"Gesch\u00e4tzte Lesezeit":"2\u00a0Minuten"},"schema":{"@context":"https:\/\/schema.org","@graph":[{"@type":"WebPage","@id":"https:\/\/www.brentarosso.it\/de\/thank-you\/","url":"https:\/\/www.brentarosso.it\/de\/thank-you\/","name":"Thank You - Brenta Rosso Charme Apartments","isPartOf":{"@id":"https:\/\/www.brentarosso.it\/#website"},"primaryImageOfPage":{"@id":"https:\/\/www.brentarosso.it\/de\/thank-you\/#primaryimage"},"image":{"@id":"https:\/\/www.brentarosso.it\/de\/thank-you\/#primaryimage"},"thumbnailUrl":"https:\/\/www.brentarosso.it\/wp-cntnt\/uplds\/2025\/05\/Esterno2-1.jpg","datePublished":"2025-11-14T08:07:46+00:00","dateModified":"2025-11-14T08:42:41+00:00","breadcrumb":{"@id":"https:\/\/www.brentarosso.it\/de\/thank-you\/#breadcrumb"},"inLanguage":"de","potentialAction":[{"@type":"ReadAction","target":["https:\/\/www.brentarosso.it\/de\/thank-you\/"]}]},{"@type":"ImageObject","inLanguage":"de","@id":"https:\/\/www.brentarosso.it\/de\/thank-you\/#primaryimage","url":"https:\/\/www.brentarosso.it\/wp-cntnt\/uplds\/2025\/05\/Esterno2-1.jpg","contentUrl":"https:\/\/www.brentarosso.it\/wp-cntnt\/uplds\/2025\/05\/Esterno2-1.jpg","width":1920,"height":1280},{"@type":"BreadcrumbList","@id":"https:\/\/www.brentarosso.it\/de\/thank-you\/#breadcrumb","itemListElement":[{"@type":"ListItem","position":1,"name":"Home","item":"https:\/\/www.brentarosso.it\/de\/"},{"@type":"ListItem","position":2,"name":"Thank You"}]},{"@type":"WebSite","@id":"https:\/\/www.brentarosso.it\/#website","url":"https:\/\/www.brentarosso.it\/","name":"Brenta Rosso Charme Apartments","description":"Appartamenti ai piedi delle Dolomiti","publisher":{"@id":"https:\/\/www.brentarosso.it\/#organization"},"potentialAction":[{"@type":"SearchAction","target":{"@type":"EntryPoint","urlTemplate":"https:\/\/www.brentarosso.it\/?s={search_term_string}"},"query-input":{"@type":"PropertyValueSpecification","valueRequired":true,"valueName":"search_term_string"}}],"inLanguage":"de"},{"@type":"Organization","@id":"https:\/\/www.brentarosso.it\/#organization","name":"Brenta Rosso Charme Apartments","url":"https:\/\/www.brentarosso.it\/","logo":{"@type":"ImageObject","inLanguage":"de","@id":"https:\/\/www.brentarosso.it\/#\/schema\/logo\/image\/","url":"https:\/\/www.brentarosso.it\/wp-cntnt\/uplds\/2025\/05\/full_trimmed_transparent_base-scaled.png","contentUrl":"https:\/\/www.brentarosso.it\/wp-cntnt\/uplds\/2025\/05\/full_trimmed_transparent_base-scaled.png","width":2560,"height":1292,"caption":"Brenta Rosso Charme Apartments"},"image":{"@id":"https:\/\/www.brentarosso.it\/#\/schema\/logo\/image\/"},"sameAs":["https:\/\/www.facebook.com\/brentarossocharmeapartments","https:\/\/www.instagram.com\/brentarosso_faidellapaganella\/"]}]}},"_links":{"self":[{"href":"https:\/\/www.brentarosso.it\/de\/wp-json\/wp\/v2\/pages\/4192","targetHints":{"allow":["GET"]}}],"collection":[{"href":"https:\/\/www.brentarosso.it\/de\/wp-json\/wp\/v2\/pages"}],"about":[{"href":"https:\/\/www.brentarosso.it\/de\/wp-json\/wp\/v2\/types\/page"}],"author":[{"embeddable":true,"href":"https:\/\/www.brentarosso.it\/de\/wp-json\/wp\/v2\/users\/1"}],"replies":[{"embeddable":true,"href":"https:\/\/www.brentarosso.it\/de\/wp-json\/wp\/v2\/comments?post=4192"}],"version-history":[{"count":5,"href":"https:\/\/www.brentarosso.it\/de\/wp-json\/wp\/v2\/pages\/4192\/revisions"}],"predecessor-version":[{"id":4220,"href":"https:\/\/www.brentarosso.it\/de\/wp-json\/wp\/v2\/pages\/4192\/revisions\/4220"}],"wp:featuredmedia":[{"embeddable":true,"href":"https:\/\/www.brentarosso.it\/de\/wp-json\/wp\/v2\/media\/3428"}],"wp:attachment":[{"href":"https:\/\/www.brentarosso.it\/de\/wp-json\/wp\/v2\/media?parent=4192"}],"curies":[{"name":"wp","href":"https:\/\/api.w.org\/{rel}","templated":true}]}}